{"id":278,"date":"2011-12-12T16:39:54","date_gmt":"2011-12-12T15:39:54","guid":{"rendered":"http:\/\/www.dojoharukaze.org\/?page_id=278"},"modified":"2024-09-14T19:55:32","modified_gmt":"2024-09-14T18:55:32","slug":"predavaci","status":"publish","type":"page","link":"https:\/\/dojoharukaze.org\/index.php\/predavaci\/","title":{"rendered":"Edukatori"},"content":{"rendered":"<h4 style=\"text-align: center;\"><a title=\"Aikido kao borila\u010dka ve\u0161tina za decu i odrasle\" href=\"https:\/\/dojoharukaze.org\/aikido-kao-borilacka-vestina-za-decu-i-odrasle\/\">AIKIDO za decu i odrasle<\/a> &#8211; Jelena Vrzi\u0107 6thDAN\u00a0 i\u00a0 Zoran Jeremi\u0107 1thDAN<\/h4>\n<h4 style=\"text-align: center;\"><a title=\"Anti stres program\" href=\"https:\/\/dojoharukaze.org\/jodo-trening-program\/\">JO DO IN fit trening program\u00a0 <\/a>&#8211; Jelena Vrzi\u0107<\/h4>\n<h4 style=\"text-align: center;\"><a title=\"Japanski jezik\" href=\"https:\/\/dojoharukaze.org\/japanski-jezik\/\">Japanski jezik<\/a> &#8211; Marija Jovi\u0107<\/h4>\n<h4 style=\"text-align: center;\"><a title=\"Japanski jezik\" href=\"https:\/\/dojoharukaze.org\/japanski-jezik\/\">Optimum balans sistem\u00a0\u00a0\u00a0<\/a> &#8211; Sa\u0161a Po\u010du\u010da<\/h4>\n<h4 style=\"text-align: center;\"><a title=\"Japanski jezik\" href=\"https:\/\/dojoharukaze.org\/japanski-jezik\/\">Shiatsu\u00a0\u00a0<\/a> &#8211; Sa\u0161a Po\u010du\u010da<\/h4>\n<h4 style=\"text-align: center;\">* * * * *<\/h4>\n<p style=\"text-align: center;\"><strong><em>DOJO HARUKAZE &#8211;\u00a0 BULEVAR OSLOBODJENJA 140\u00a0 \u00a0<\/em><em>Beograd 11 000, \u00a0Srbija\u00a0<\/em><\/strong><\/p>\n<h4 style=\"text-align: center;\">MARKETING MENAD\u017dMENT &#8211;\u00a0 \u00a0t 061 161 10 80\u00a0 t 061 33 00 143<\/h4>\n<h4 style=\"text-align: center;\">( ORGANIZACIJA PROGRAMA I AKTIVNOSTI )<\/h4>\n<p style=\"text-align: center;\">\n","protected":false},"excerpt":{"rendered":"<p>AIKIDO za decu i odrasle &#8211; Jelena Vrzi\u0107 6thDAN\u00a0 i\u00a0 Zoran Jeremi\u0107 1thDAN JO DO IN fit trening program\u00a0 &#8211; Jelena Vrzi\u0107 Japanski jezik &#8211; Marija Jovi\u0107 Optimum balans sistem\u00a0\u00a0\u00a0 &#8211; Sa\u0161a Po\u010du\u010da Shiatsu\u00a0\u00a0 &#8211; Sa\u0161a Po\u010du\u010da * * * * * DOJO HARUKAZE &#8211;\u00a0 BULEVAR OSLOBODJENJA 140\u00a0 \u00a0Beograd 11 000, \u00a0Srbija\u00a0 MARKETING MENAD\u017dMENT &#8211;\u00a0 <br \/><a class=\"read-more-button\" href=\"https:\/\/dojoharukaze.org\/index.php\/predavaci\/\">Read More &raquo;<\/a><\/p>\n","protected":false},"author":1,"featured_media":0,"parent":0,"menu_order":3,"comment_status":"closed","ping_status":"closed","template":"","meta":{"footnotes":""},"class_list":["post-278","page","type-page","status-publish","hentry"],"_links":{"self":[{"href":"https:\/\/dojoharukaze.org\/index.php\/wp-json\/wp\/v2\/pages\/278","targetHints":{"allow":["GET"]}}],"collection":[{"href":"https:\/\/dojoharukaze.org\/index.php\/wp-json\/wp\/v2\/pages"}],"about":[{"href":"https:\/\/dojoharukaze.org\/index.php\/wp-json\/wp\/v2\/types\/page"}],"author":[{"embeddable":true,"href":"https:\/\/dojoharukaze.org\/index.php\/wp-json\/wp\/v2\/users\/1"}],"replies":[{"embeddable":true,"href":"https:\/\/dojoharukaze.org\/index.php\/wp-json\/wp\/v2\/comments?post=278"}],"version-history":[{"count":5,"href":"https:\/\/dojoharukaze.org\/index.php\/wp-json\/wp\/v2\/pages\/278\/revisions"}],"predecessor-version":[{"id":4433,"href":"https:\/\/dojoharukaze.org\/index.php\/wp-json\/wp\/v2\/pages\/278\/revisions\/4433"}],"wp:attachment":[{"href":"https:\/\/dojoharukaze.org\/index.php\/wp-json\/wp\/v2\/media?parent=278"}],"curies":[{"name":"wp","href":"https:\/\/api.w.org\/{rel}","templated":true}]}}