{"id":61,"date":"2011-12-09T10:56:37","date_gmt":"2011-12-09T09:56:37","guid":{"rendered":"http:\/\/www.dojoharukaze.org\/?page_id=61"},"modified":"2024-09-14T20:12:47","modified_gmt":"2024-09-14T19:12:47","slug":"o-nama","status":"publish","type":"page","link":"https:\/\/dojoharukaze.org\/index.php\/o-nama\/","title":{"rendered":"O nama"},"content":{"rendered":"<h1 style=\"text-align: center;\"><a href=\"https:\/\/dojoharukaze.org\/wp-content\/uploads\/2012\/03\/DSC_4559.jpg\"><img loading=\"lazy\" decoding=\"async\" class=\"aligncenter size-large wp-image-550\" title=\"Dojo Harukaze \" src=\"https:\/\/dojoharukaze.org\/wp-content\/uploads\/2012\/03\/DSC_4559-1024x680.jpg\" alt=\"Ikebana \" width=\"670\" height=\"444\" \/><\/a><\/h1>\n<p style=\"text-align: center;\">\u00a0 \u00a0 1# Dojo Harukaze<\/p>\n<figure id=\"attachment_4056\" aria-describedby=\"caption-attachment-4056\" style=\"width: 960px\" class=\"wp-caption aligncenter\"><a href=\"https:\/\/dojoharukaze.org\/wp-content\/uploads\/2019\/09\/69567170_10219654555025304_3777073044162347008_n.jpg\"><img loading=\"lazy\" decoding=\"async\" class=\"size-full wp-image-4056\" src=\"https:\/\/dojoharukaze.org\/wp-content\/uploads\/2019\/09\/69567170_10219654555025304_3777073044162347008_n.jpg\" alt=\"\" width=\"960\" height=\"720\" srcset=\"https:\/\/dojoharukaze.org\/wp-content\/uploads\/2019\/09\/69567170_10219654555025304_3777073044162347008_n.jpg 960w, https:\/\/dojoharukaze.org\/wp-content\/uploads\/2019\/09\/69567170_10219654555025304_3777073044162347008_n-300x225.jpg 300w, https:\/\/dojoharukaze.org\/wp-content\/uploads\/2019\/09\/69567170_10219654555025304_3777073044162347008_n-768x576.jpg 768w, https:\/\/dojoharukaze.org\/wp-content\/uploads\/2019\/09\/69567170_10219654555025304_3777073044162347008_n-750x563.jpg 750w\" sizes=\"auto, (max-width: 960px) 100vw, 960px\" \/><\/a><figcaption id=\"caption-attachment-4056\" class=\"wp-caption-text\">2# Dojo Harukaze<\/figcaption><\/figure>\n<p><em><strong>Aiki ima \u0161iroko zna\u010denje <\/strong>ostvarivanja harmonije u svim domenima i na svim relacijama. Osim perfekcije uklapanja u fizi\u010dki pokret partnera, \u0161to je od su\u0161tinskog zna\u010daja za jednu borila\u010dku ve\u0161tinu, koliko i za bilo koju vrstu plesa ili sporta, harmonija koju izu\u010davamo kroz aikido podrazumeva upoznavanje, kori\u0161\u0107enje i pro\u0161irivanje sopstvenih fizi\u010dkih i duhovnih kapaciteta samostalnim ve\u017ebanjem u kome najve\u0107i zna\u010daj ima kinorenma, koja je po svom karakteru najsli\u010dnija jogi.<\/em><\/p>\n<p style=\"text-align: center;\">* * * * * * * * *<\/p>\n<p style=\"text-align: left;\"><em>MORE INFO ABOUT JELENA VRZI\u0106 6th DAN AIKIKAI HOMBU DOJO<\/em><\/p>\n<p style=\"text-align: left;\"><em>link1 <a href=\"https:\/\/jlpertz.home.xs4all.nl\/Jelena-Aikido\/Aikido-Jelena.htm\"> https:\/\/jlpertz.home.xs4all.nl\/Jelena-Aikido\/Aikido-Jelena.htm<\/a><\/em><\/p>\n<p style=\"text-align: left;\"><em>THE PRINCIPLES OF AIKIDO written by Jelena Vrzi\u0107<\/em><\/p>\n<p style=\"text-align: left;\"><em>link2 <a href=\"http:\/\/jlpertz.home.xs4all.nl\/Jelena-Aikido\/Basic_Principles_Aikido_Jelena.pdf\">http:\/\/jlpertz.home.xs4all.nl\/Jelena-Aikido\/Basic_Principles_Aikido_Jelena.pdf<\/a><\/em><\/p>\n<p style=\"text-align: center;\">* * * * * * * * *<\/p>\n","protected":false},"excerpt":{"rendered":"<p>\u00a0 \u00a0 1# Dojo Harukaze Aiki ima \u0161iroko zna\u010denje ostvarivanja harmonije u svim domenima i na svim relacijama. Osim perfekcije uklapanja u fizi\u010dki pokret partnera, \u0161to je od su\u0161tinskog zna\u010daja za jednu borila\u010dku ve\u0161tinu, koliko i za bilo koju vrstu plesa ili sporta, harmonija koju izu\u010davamo kroz aikido podrazumeva upoznavanje, kori\u0161\u0107enje i pro\u0161irivanje sopstvenih fizi\u010dkih <br \/><a class=\"read-more-button\" href=\"https:\/\/dojoharukaze.org\/index.php\/o-nama\/\">Read More &raquo;<\/a><\/p>\n","protected":false},"author":1,"featured_media":0,"parent":0,"menu_order":1,"comment_status":"closed","ping_status":"closed","template":"","meta":{"footnotes":""},"class_list":["post-61","page","type-page","status-publish","hentry"],"_links":{"self":[{"href":"https:\/\/dojoharukaze.org\/index.php\/wp-json\/wp\/v2\/pages\/61","targetHints":{"allow":["GET"]}}],"collection":[{"href":"https:\/\/dojoharukaze.org\/index.php\/wp-json\/wp\/v2\/pages"}],"about":[{"href":"https:\/\/dojoharukaze.org\/index.php\/wp-json\/wp\/v2\/types\/page"}],"author":[{"embeddable":true,"href":"https:\/\/dojoharukaze.org\/index.php\/wp-json\/wp\/v2\/users\/1"}],"replies":[{"embeddable":true,"href":"https:\/\/dojoharukaze.org\/index.php\/wp-json\/wp\/v2\/comments?post=61"}],"version-history":[{"count":5,"href":"https:\/\/dojoharukaze.org\/index.php\/wp-json\/wp\/v2\/pages\/61\/revisions"}],"predecessor-version":[{"id":4440,"href":"https:\/\/dojoharukaze.org\/index.php\/wp-json\/wp\/v2\/pages\/61\/revisions\/4440"}],"wp:attachment":[{"href":"https:\/\/dojoharukaze.org\/index.php\/wp-json\/wp\/v2\/media?parent=61"}],"curies":[{"name":"wp","href":"https:\/\/api.w.org\/{rel}","templated":true}]}}